{"id":20,"date":"2018-08-06T17:37:51","date_gmt":"2018-08-06T17:37:51","guid":{"rendered":"https:\/\/amg-a45-fahrschule.de\/?page_id=20"},"modified":"2018-08-06T18:29:38","modified_gmt":"2018-08-06T18:29:38","slug":"unsere-leistungen","status":"publish","type":"page","link":"https:\/\/amg-a45-fahrschule.de\/?page_id=20","title":{"rendered":"Unsere Leistungen"},"content":{"rendered":"<p>Unsere Fahrschule unterrichtet seit vielen Jahren erfolgreich in Speyer. Mit viel <strong>Einf\u00fchlungsverm\u00f6gen<\/strong> und <strong>Geduld<\/strong> bereiten wir unsere Fahrsch\u00fcler auf ihre theoretische und praktische Pr\u00fcfung vor.<\/p>\n<p>Wir machen Dich mit vielen typischen Fahrsituationen vertraut und geben dir <strong>das richtige Wissen<\/strong> f\u00fcr deinen neuen Alltag als Autofahrer mit auf den Weg.<\/p>\n<p>Einige Punkte \u00fcber uns:<\/p>\n<p>Von <strong>Montag bis Samstag<\/strong> sind unsere freundlichen und <strong>fachkundigen Fahrlehrer<\/strong> immer f\u00fcr Dich ansprechbar. Am <strong>Samstag<\/strong> sind auch wir nach Terminvereinbarung f\u00fcr Dich da.<br \/>\nWir bieten die klassische Fahrausbildung sowie eine <strong>kompakte Schulung w\u00e4hrend der Ferien<\/strong>.<br \/>\nUnser modernen hellen Unterrichtsraum ist <strong>raucherfreie Zone<\/strong> und mit bequemen St\u00fchlen ausgestattet.<br \/>\nKinder sind willkommen bei uns. Wenn es mal nicht anders geht, d\u00fcrfen Sie Ihr Kind gerne mitbringen.<br \/>\nUnsere Fahrlehrer sind <strong>geduldig<\/strong>, <strong>einf\u00fchlsam<\/strong> und haben eine <strong>p\u00e4dagogische Ausbildung<\/strong> erfolgreich abgeschlossen.<br \/>\nDer Fahrschulinhaber ist berechtigt Fahrlehrer auszubilden.<br \/>\nAuf Wunsch bietet die Fahrschule auch <strong>Spritspartrainings<\/strong> sowie <strong>Wiedereinsteigertrainings<\/strong> f\u00fcr Junggebliebene an, den selbst im Alter m\u00f6chte man mobil bleiben wollen.<\/p>\n","protected":false},"excerpt":{"rendered":"<p>Unsere Fahrschule unterrichtet seit vielen Jahren erfolgreich in Speyer. Mit viel Einf\u00fchlungsverm\u00f6gen und Geduld bereiten wir unsere Fahrsch\u00fcler auf ihre theoretische und praktische Pr\u00fcfung vor. Wir machen Dich mit vielen typischen Fahrsituationen vertraut und geben dir das richtige Wissen f\u00fcr deinen neuen Alltag als Autofahrer mit auf den Weg. Einige [&hellip;]<\/p>\n","protected":false},"author":1,"featured_media":0,"parent":0,"menu_order":0,"comment_status":"closed","ping_status":"closed","template":"","meta":{"footnotes":""},"class_list":["post-20","page","type-page","status-publish","hentry"],"_links":{"self":[{"href":"https:\/\/amg-a45-fahrschule.de\/index.php?rest_route=\/wp\/v2\/pages\/20","targetHints":{"allow":["GET"]}}],"collection":[{"href":"https:\/\/amg-a45-fahrschule.de\/index.php?rest_route=\/wp\/v2\/pages"}],"about":[{"href":"https:\/\/amg-a45-fahrschule.de\/index.php?rest_route=\/wp\/v2\/types\/page"}],"author":[{"embeddable":true,"href":"https:\/\/amg-a45-fahrschule.de\/index.php?rest_route=\/wp\/v2\/users\/1"}],"replies":[{"embeddable":true,"href":"https:\/\/amg-a45-fahrschule.de\/index.php?rest_route=%2Fwp%2Fv2%2Fcomments&post=20"}],"version-history":[{"count":4,"href":"https:\/\/amg-a45-fahrschule.de\/index.php?rest_route=\/wp\/v2\/pages\/20\/revisions"}],"predecessor-version":[{"id":47,"href":"https:\/\/amg-a45-fahrschule.de\/index.php?rest_route=\/wp\/v2\/pages\/20\/revisions\/47"}],"wp:attachment":[{"href":"https:\/\/amg-a45-fahrschule.de\/index.php?rest_route=%2Fwp%2Fv2%2Fmedia&parent=20"}],"curies":[{"name":"wp","href":"https:\/\/api.w.org\/{rel}","templated":true}]}}