{"id":14,"date":"2018-08-06T17:36:40","date_gmt":"2018-08-06T17:36:40","guid":{"rendered":"https:\/\/amg-a45-fahrschule.de\/?page_id=14"},"modified":"2018-08-06T18:35:48","modified_gmt":"2018-08-06T18:35:48","slug":"unsere-fahrschule","status":"publish","type":"page","link":"https:\/\/amg-a45-fahrschule.de\/?page_id=14","title":{"rendered":"Unsere Fahrschule"},"content":{"rendered":"<h2>F\u00fchrerschein mit 17<\/h2>\n<p>Deine \u201eFahrbegleiter\u201c sind zu allen Unterrichten herzlich eingeladen und kann auch jederzeit kostenlos an deiner praktischen Fahrausbildung teilnehmen ( gew\u00fcnscht ).<\/p>\n<h2>Fahrsch\u00fcler in besonderen Situationen<\/h2>\n<p>Spezielles Angebot f\u00fcr Alleinerziehende und Unabk\u00f6mmliche: Unser Fahrschulauto kann mit einem oder eigenem <strong>Kindersitz<\/strong> ( neueste Norm ) ausgestattet werden (Bei Bedarf bitte vorher anmelden).<\/p>\n<h2>Der Fahrunterricht<\/h2>\n<p>Du sollst dich auf jede Fahrstunde freuen. Fehler gibt es bei uns nicht. Wir kennen nur \u201eVerbesserungspotential\u201c. So kannst du nie etwas falsch machen. Wir werden dir ggf. lediglich zeigen, wo es noch Verbesserungsm\u00f6glichkeiten gibt. dein Verbesserungspotential kennen nur du und dein Fahrlehrer. Diskretion ist f\u00fcr uns ganz wichtig.<\/p>\n<h2>Zuverl\u00e4ssigkeit<\/h2>\n<p>Unsere Fahrstunden beginnen und enden immer p\u00fcnktlich. Sollte dein Fahrlehrer einmal nicht vereinbarungsgem\u00e4\u00df kommen k\u00f6nnen, wird der dich rechtzeitig vorher informieren . W\u00e4hrend deiner Fahrstunde ist dein Fahrlehrer nur f\u00fcr dich da die Zeit geh\u00f6rt dir ganz alleine. Deshalb kannst du auch entscheiden wer deine Fahrstunden begleitet &#8211; ein Freund, eine Freundin, dein Fahrbegleiter (F\u00fchrerschein mit 17)\u2026\u2026.du bestimmst!<\/p>\n<h2>\nDie Pr\u00fcfung<\/h2>\n<p>Du wirst l\u00e4chelnd zur Pr\u00fcfung gehen. \u00c4ngste kennen unsere Fahrsch\u00fcler , in der Regel, nicht . Mit Hilfe neuester Erkenntnisse der Stress- und Angstbew\u00e4ltigung bereiten wir dich auf die Pr\u00fcfung vor. Dieser Service ist individuell auf deinen Bedarf abgestimmt und kostenlos.<\/p>\n<p>Kurz vor deiner Pr\u00fcfung findet bei uns eine theoretische und praktische Vorpr\u00fcfung statt. Hier kannst du genau erkennen wo du stehst \u2013 das garantiert zus\u00e4tzliche Sicherheit .<\/p>\n<h2>Wechseln<\/h2>\n<p>Wenn du aus einem anderen Ort, oder von einer anderen Fahrschule zu uns kommst werden alle deine absolvierten Fahr- und \u00dcbungsstunden von uns voll anerkannt. Wo du aufgeh\u00f6rt hast machst du bei uns weiter . Wir werden dich auch dahin beraten ob ein Wechsel \u00fcberhaupt Sinn macht .<\/p>\n<h2>Der schnelle F\u00fchrerschein<\/h2>\n<p>Du bestimmst das Tempo.<br \/>\nWir bieten dreimal die Woche theoretischen Unterricht. Du nennst uns deinen realistischen Wunschtermin und wir setzen alles in Bewegung, dass du an diesem Tag deinen F\u00fchrerschein in der Hand hast.<\/p>\n<h2>Besondere Leistungen<\/h2>\n<p>Die Fahrschule bietet spezielle Trainings und Kurse an .<\/p>\n<ul>\n<li><strong>Spritspar &#8211; Training<\/strong><\/li>\n<li><strong>Angsthasen &#8211; Training<\/strong><\/li>\n<li><strong>Wiedereinsteiger &#8211; Training<\/strong><\/li>\n<li><strong>Caravan &#8211; Training<\/strong><\/li>\n<\/ul>\n<p>f\u00fcr Jung und Junggebliebene ist immer etwas dabei .<\/p>\n","protected":false},"excerpt":{"rendered":"<p>F\u00fchrerschein mit 17 Deine \u201eFahrbegleiter\u201c sind zu allen Unterrichten herzlich eingeladen und kann auch jederzeit kostenlos an deiner praktischen Fahrausbildung teilnehmen ( gew\u00fcnscht ). Fahrsch\u00fcler in besonderen Situationen Spezielles Angebot f\u00fcr Alleinerziehende und Unabk\u00f6mmliche: Unser Fahrschulauto kann mit einem oder eigenem Kindersitz ( neueste Norm ) ausgestattet werden (Bei Bedarf [&hellip;]<\/p>\n","protected":false},"author":1,"featured_media":0,"parent":0,"menu_order":0,"comment_status":"closed","ping_status":"closed","template":"","meta":{"footnotes":""},"class_list":["post-14","page","type-page","status-publish","hentry"],"_links":{"self":[{"href":"https:\/\/amg-a45-fahrschule.de\/index.php?rest_route=\/wp\/v2\/pages\/14","targetHints":{"allow":["GET"]}}],"collection":[{"href":"https:\/\/amg-a45-fahrschule.de\/index.php?rest_route=\/wp\/v2\/pages"}],"about":[{"href":"https:\/\/amg-a45-fahrschule.de\/index.php?rest_route=\/wp\/v2\/types\/page"}],"author":[{"embeddable":true,"href":"https:\/\/amg-a45-fahrschule.de\/index.php?rest_route=\/wp\/v2\/users\/1"}],"replies":[{"embeddable":true,"href":"https:\/\/amg-a45-fahrschule.de\/index.php?rest_route=%2Fwp%2Fv2%2Fcomments&post=14"}],"version-history":[{"count":3,"href":"https:\/\/amg-a45-fahrschule.de\/index.php?rest_route=\/wp\/v2\/pages\/14\/revisions"}],"predecessor-version":[{"id":49,"href":"https:\/\/amg-a45-fahrschule.de\/index.php?rest_route=\/wp\/v2\/pages\/14\/revisions\/49"}],"wp:attachment":[{"href":"https:\/\/amg-a45-fahrschule.de\/index.php?rest_route=%2Fwp%2Fv2%2Fmedia&parent=14"}],"curies":[{"name":"wp","href":"https:\/\/api.w.org\/{rel}","templated":true}]}}