{"id":10,"date":"2018-08-06T17:36:06","date_gmt":"2018-08-06T17:36:06","guid":{"rendered":"https:\/\/amg-a45-fahrschule.de\/?page_id=10"},"modified":"2022-07-12T11:40:10","modified_gmt":"2022-07-12T11:40:10","slug":"startseite","status":"publish","type":"page","link":"https:\/\/amg-a45-fahrschule.de\/","title":{"rendered":"Startseite"},"content":{"rendered":"<p style=\"text-align: center\"><strong>Wir machen mobil in Speyer<\/strong> <br \/>Unsere ausgebildeten und kompetenten Fahrlehrer unterrichten Dich in Theorie und Praxis und zeigen Dir das richtige Verhalten im Stra\u00dfenverkehr.<\/p>\n<p style=\"text-align: center\">Mit mehr als 4,5 Millionen Kilometer Fahrerfahrung unterrichten wir dich in Theorie und Praxis . Aktuellste Lernmethoden und Fahrzeuge bereiten Dich professionell auf Fahrvergn\u00fcgen und Mobilit\u00e4t vor.<\/p>\n<p style=\"text-align: center\">Auf den folgenden Seiten findest Du Informationen zum F\u00fchrerschein und zu unserer Fahrschule. Du hast Interesse an unseren Leistungen? Dann nehme Kontakt auf, <strong>wir freuen uns auf Dich!<\/strong><\/p>\n<p style=\"text-align: center\">In unserer Fahrschule unterrichten wir Dich in vielen unterschiedlichen Klassen und machen Dich fit f\u00fcr die Stra\u00dfe. Auf unserer Homepage kannst Du dich \u00fcber alle Leistungen informieren.<\/p>\n","protected":false},"excerpt":{"rendered":"<p>Wir machen mobil in Speyer Unsere ausgebildeten und kompetenten Fahrlehrer unterrichten Dich in Theorie und Praxis und zeigen Dir das richtige Verhalten im Stra\u00dfenverkehr. Mit mehr als 4,5 Millionen Kilometer Fahrerfahrung unterrichten wir dich in Theorie und Praxis . Aktuellste Lernmethoden und Fahrzeuge bereiten Dich professionell auf Fahrvergn\u00fcgen und Mobilit\u00e4t [&hellip;]<\/p>\n","protected":false},"author":1,"featured_media":51,"parent":0,"menu_order":0,"comment_status":"closed","ping_status":"closed","template":"","meta":{"footnotes":""},"class_list":["post-10","page","type-page","status-publish","has-post-thumbnail","hentry"],"_links":{"self":[{"href":"https:\/\/amg-a45-fahrschule.de\/index.php?rest_route=\/wp\/v2\/pages\/10","targetHints":{"allow":["GET"]}}],"collection":[{"href":"https:\/\/amg-a45-fahrschule.de\/index.php?rest_route=\/wp\/v2\/pages"}],"about":[{"href":"https:\/\/amg-a45-fahrschule.de\/index.php?rest_route=\/wp\/v2\/types\/page"}],"author":[{"embeddable":true,"href":"https:\/\/amg-a45-fahrschule.de\/index.php?rest_route=\/wp\/v2\/users\/1"}],"replies":[{"embeddable":true,"href":"https:\/\/amg-a45-fahrschule.de\/index.php?rest_route=%2Fwp%2Fv2%2Fcomments&post=10"}],"version-history":[{"count":3,"href":"https:\/\/amg-a45-fahrschule.de\/index.php?rest_route=\/wp\/v2\/pages\/10\/revisions"}],"predecessor-version":[{"id":97,"href":"https:\/\/amg-a45-fahrschule.de\/index.php?rest_route=\/wp\/v2\/pages\/10\/revisions\/97"}],"wp:featuredmedia":[{"embeddable":true,"href":"https:\/\/amg-a45-fahrschule.de\/index.php?rest_route=\/wp\/v2\/media\/51"}],"wp:attachment":[{"href":"https:\/\/amg-a45-fahrschule.de\/index.php?rest_route=%2Fwp%2Fv2%2Fmedia&parent=10"}],"curies":[{"name":"wp","href":"https:\/\/api.w.org\/{rel}","templated":true}]}}